{"id":4051,"date":"2018-12-11T21:37:16","date_gmt":"2018-12-11T20:37:16","guid":{"rendered":"http:\/\/www.therapie-bz.com\/?page_id=4051"},"modified":"2019-03-08T10:59:03","modified_gmt":"2019-03-08T09:59:03","slug":"privacy-it","status":"publish","type":"page","link":"https:\/\/www.therapie-bz.com\/it\/privacy-it\/","title":{"rendered":"Privacy"},"content":{"rendered":"<h2>GDPR &#8211; Regolamento generale sulla protezione dei dati dell&#8217;UE<\/h2>\n<hr \/>\n<p>Questa normativa per gli utenti di questo sito in conformit\u00e0 con l&#8217;UE regolamento principi di protezione dei dati (DSGVO) sul modo in cui Signora Bernadette Schwienbacher, Tel. +39 348 564 23 61, Email: <a href=\"mailto:info@therapie-bz.com\">info@therapie-bz.com<\/a> \/ Bernadette Schwienbacher, via Cermes 2, 39011 Lana, Italia di informare la portata e le finalit\u00e0 della raccolta e utilizzo dei dati personali da parte del gestore del sito. Prendiamo molto sul serio la vostra privacy e trattiamo le vostre informazioni personali in modo confidenziale e in conformit\u00e0 con la legge applicabile.<\/p>\n<p>1. Ai sensi dell&#8217;articolo 13 del regolamento europeo sulla protezione dei dati, elaboriamo i seguenti dati:<\/p>\n<ul>\n<li>I tuoi dati anagrafici (nome, cognome, indirizzo, telefono, e-mail, data di nascita, luogo di nascita, lingua, ecc.)<\/li>\n<li>I tuoi dati in documenti di viaggio e ID<\/li>\n<li>Dettagli su pagamenti, carte di debito, carte di credito e carte bancarie<\/li>\n<li>la durata del soggiorno che hai richiesto, cos\u00ec come eventuali preferenze personali relative al soggiorno che ci stai comunicando<\/li>\n<\/ul>\n<p>condividiamo la seconda informiamo che Bernadette Schwienbacher, Caprile 23, 39010 Tesimo, Italia, ai sensi dell&#8217;art. 13 del regolamento di base europea sulla utilizzer\u00e0 i tuoi dati personali per i seguenti scopi negozi, i processi, e nella misura prescritta necessaria e legalmente (al terzo ricevitore autorit\u00e0 pubbliche, associazione turistica):<\/p>\n<ul>\n<li>alle amministrazioni pubbliche e alle autorit\u00e0, come previsto dalla legge o dal contratto (come i diritti di contabilit\u00e0 e gli obblighi in materia contabile, fiscale e doganale, contrattuale, reporting o contenzioso)<\/li>\n<li>per adempiere ai nostri obblighi contrattuali e contrattuali nei tuoi confronti<\/li>\n<li>per i nostri interessi legittimi, nel settore della posta diretta, delle conferme e dell&#8217;esercizio dei nostri interessi legali<\/li>\n<li>(e quindi legale, gli uffici amministrativi e fiscali, tribunali, camere di commercio), se la condivisione di tale comunicazione dati sar\u00e0 di tutto quelle persone fisiche e\/o giuridiche, pubbliche e\/o private necessaria o funzionale allo svolgimento della nostra attivit\u00e0, al sopra con gli obiettivi corrispondenti.<\/li>\n<\/ul>\n<p>La durata della conservazione \u00e8 determinata dalla durata della nostra relazione commerciale, dai consensi che hai concesso e dalla conservazione legale e dagli obblighi legali applicabili a noi.<\/p>\n<p>3. L&#8217;elaborazione dei dati avviene nel modo seguente: manualmente e tramite computer<\/p>\n<p>4. La consegna dei tuoi dati \u00e8 volontaria\/obbligatoria (se motivo obbligatorio).<\/p>\n<p>Se rifiuti di divulgare i dati anagrafici, i dati del documento di viaggio e le coordinate bancarie, non saremo in grado di adempiere agli obblighi contrattuali e di accoglierli presso la nostra struttura. Non usiamo la profilazione e le decisioni automatizzate.<\/p>\n<p>5. I dati saranno archiviati, elaborati e, nella misura richiesta e richiesta dalla legge, trasmessi a terzi (quali autorit\u00e0 pubbliche, associazioni turistiche) per la fornitura dei nostri servizi.<\/p>\n<p>6. Il supporto dati \u00e8: Bernadette Schwienbacher.<\/p>\n<p>7. Il controller del trattamento dei dati \u00e8: Bernadette Schwienbacher.<\/p>\n<p><strong>Accedi ai dati sulla nostra home page<\/strong><\/p>\n<p>L&#8217;operatore del sito web o il fornitore della pagina raccoglie dati sull&#8217;accesso al sito e lo salva come &#8220;file di registro del server&#8221;. I seguenti dati sono registrati:<\/p>\n<ul>\n<li>Sito web visitato<\/li>\n<li>Ora al momento dell&#8217;accesso<\/li>\n<li>Quantit\u00e0 di dati inviati in byte<\/li>\n<li>Sorgente\/riferimento da cui sei arrivato alla pagina<\/li>\n<li>Browser utilizzato<\/li>\n<li>Sistema operativo utilizzato<\/li>\n<li>Indirizzo IP del fornitore di servizi Internet<\/li>\n<\/ul>\n<p>I dati raccolti sono solo a scopo statistico e per migliorare il nostro sito web. L&#8217;operatore del sito web si riserva tuttavia il diritto di verificare in modo retrospettivo i file di registro del server se prove concrete indicano un utilizzo illecito.<\/p>\n<p><strong>Cookie<\/strong><br \/>\nQuesto sito Web utilizza i cookie. Questi sono piccoli file di testo che sono memorizzati sul tuo dispositivo. Il tuo browser accede a questi file. L&#8217;uso dei cookie aumenta la facilit\u00e0 d&#8217;uso e la sicurezza di questo sito Web.<br \/>\nI browser pi\u00f9 diffusi offrono l&#8217;opzione di preferenza per non consentire i cookie.<br \/>\nPer informazioni e istruzioni sul blocco e l&#8217;eliminazione, vedi <a href=\"http:\/\/www.therapie-bz.com\/it\/informazioni-sui-cookie\/\">qui<\/a><br \/>\nIn questo sito web troverete informazioni su come funziona la pubblicit\u00e0 comportamentale e molte informazioni sui cookie oltre alle tappe da seguire per proteggere la privacy su internet.<\/p>\n<p><strong>Gestione delle informazioni di contatto e dei moduli<\/strong><br \/>\nPrendete noi attraverso le informazioni di contatto offerto (modulo di richiesta, e-mail, telefono, libro degli ospiti, iscrizione alla newsletter) il collegamento a, i dati personali sono memorizzati (ad esempio nome, indirizzo o indirizzi e-mail). Questo \u00e8 necessario per poter elaborare e rispondere alla tua richiesta.<br \/>\nSe si invia le richieste tramite il modulo di contatto sul nostro sito web noi i vostri dati nel modulo, compreso il vostro contatto specificato l\u00ec, al fine di elaborare la richiesta e, nel caso di domande di follow-up per il periodo di sono memorizzati due mesi.<br \/>\nQualora ci fosse una prenotazione\/contratto dopo la richiesta tramite il nostro modulo, dobbiamo conservare i tuoi dati ai sensi dell&#8217;articolo 2220 del codice civile italiano per almeno 10 anni. Solo i campi sono obbligatori nei moduli obbligatori per l&#8217;utilizzo dell&#8217;offerta e la trasmissione delle informazioni. Non divulgheremo i dati trasmessi a terzi senza il tuo esplicito consenso, se non richiesto dalla legge.<\/p>\n<p><strong>Script Librerie e Google Web Fonts<\/strong><br \/>\nI nostri contenuti \u00e8 cross-browser in modo corretto e graficamente accattivante visualizzazione su questo sito, i font Web di Google e librerie di script (tra gli altri) di jQuery implementati.<br \/>\nAttraverso l&#8217;uso di Google Web Fonts, un server esterno di Google si chiama negli Stati Uniti durante la parte chiamata, che Google \u00e8 impostato teoria sulla discrezione uso offerta. Altri dispositivi di protezione dei dati di carattere legale, chiediamo ai lati del partito &#8220;Google Data&#8221;.<br \/>\nLa politica di privacy del gestore libreria di Google, vedi: <a href=\"https:\/\/www.google.com\/policies\/privacy\/\">https:\/\/www.google.com\/policies\/privacy\/<\/a><\/p>\n<p>Chiamata anche librerie di script fa scattare automaticamente una connessione al gestore della biblioteca. E &#8216;teoricamente possibile &#8211; ma attualmente chiaro se e per quali scopi &#8211; le librerie che gli operatori corrispondenti raccogliere i dati.<\/p>\n<p><strong>Facebook<\/strong><br \/>\nQuesto sito web utilizza Facebook Social Plugin, che \u00e8 gestito da Facebook Inc. (1 Hacker Way, Menlo Park, California 94025, USA). Riconoscibili sono i collegamenti al logo di Facebook oi termini &#8220;Mi piace&#8221;, &#8220;Mi piace&#8221;, &#8220;Condividi&#8221; nei colori Facebook (blu e bianco). Per informazioni su tutti i plug-in di Facebook nel seguente link: <a href=\"https:\/\/developers.facebook.com\/docs\/plugins\/\">https:\/\/developers.facebook.com\/docs\/plugins\/<\/a><br \/>\nIl plugin crea una connessione diretta tra il tuo browser e i server di Facebook. Il gestore del sito web non ha alcuna influenza sulla natura e l&#8217;estensione dei dati trasmessi dal plugin ai server di Facebook Inc.. \u00c8 possibile trovare informazioni su: <a href=\"https:\/\/www.facebook.com\/help\/186325668085084\">https:\/\/www.facebook.com\/help\/186325668085084<\/a><br \/>\nIl plugin informa Facebook Inc. che tu come utente hai visitato questo sito web. C&#8217;\u00e8 la possibilit\u00e0 che il tuo indirizzo IP venga salvato. Se si \u00e8 connessi al proprio account Facebook mentre si visita questo sito Web, le informazioni elencate saranno collegate ad esso.<\/p>\n<p>Se utilizzi le funzioni del plug-in, ad esempio condividendo o &#8220;gradendo&#8221;, le informazioni pertinenti verranno trasmesse anche a Facebook Inc.<\/p>\n<p>Vuoi evitare Facebook. Inc. associa queste informazioni al tuo account Facebook, per favore esci da Facebook prima di visitare questo sito.<\/p>\n<p><strong>Diritti dell&#8217;utente: informazioni, correzione e cancellazione<\/strong><br \/>\n1. L&#8217;interessato ha diritto a ricevere gratuitamente informazioni sulla disponibilit\u00e0 dei dati personali. Hai il diritto di ricevere queste informazioni in una forma comprensibile.<\/p>\n<p>2. L&#8217;interessato ha diritto a informazioni su:<br \/>\na) l&#8217;origine dei dati personali;<br \/>\nb) lo scopo e le modalit\u00e0 di trattamento;<br \/>\nc) il sistema utilizzato se i dati vengono elaborati elettronicamente;<br \/>\n(d) i dati principali che identificano il titolare del diritto, i responsabili del trattamento e il rappresentante designato ai sensi dell&#8217;articolo 5, paragrafo 2;<br \/>\ne) dei soggetti o delle categorie di soggetti ai quali i dati personali possono essere comunicati o che possono venirne a conoscenza in qualit\u00e0 di agenti, agenti o incaricati nel territorio dello Stato.<\/p>\n<p>3. La persona interessata ha il diritto<br \/>\na) richiedere l&#8217;aggiornamento, la rettificazione o, se interessato, il completamento dei dati;<br \/>\nb) richiedere che i dati trattati in violazione della legge vengano cancellati, resi anonimi o bloccati; questo vale anche per i dati la cui archiviazione non \u00e8 richiesta per gli scopi per i quali sono stati raccolti o successivamente trattati;<br \/>\nc) per ottenere una conferma che le operazioni descritte in lettere a) e b), anche per quanto riguarda il loro contenuto, siano stati comunicati a coloro ai quali i dati inviati o dove sono stati divulgati, se non si dimostra impossibile o l&#8217;ammontare dei fondi sarebbe irragionevolmente grande in relazione al diritto protetto.<br \/>\nd) le persone hanno il diritto di cancellazione, dal momento che nessun obbligo legale di conservazione \u00e8 da parte nostra. Quando eserciti il \u200b\u200btuo diritto di revoca, tutti i tuoi dati saranno cancellati in modo irrevocabile, a meno che non vengano violate le disposizioni legali di rango superiore.<\/p>\n<p>4. La persona interessata ha il diritto di completamente o parzialmente<br \/>\na) opporsi al trattamento dei dati personali che li riguardano per motivi legittimi, anche se tali dati sono in linea con lo scopo della raccolta;<br \/>\n(b) di opporsi al trattamento dei dati personali che li riguardano qualora il trattamento sia finalizzato all&#8217;invio di materiale pubblicitario o vendita diretta, ricerche di mercato, sondaggi d&#8217;opinione o informazioni commerciali.<\/p>\n<p><strong>Ulteriori informazioni<\/strong><br \/>\nPer ulteriori informazioni sui tuoi diritti come vittima, ti preghiamo di contattarci all&#8217;indirizzo <a href=\"mailto:info@therapie-bz.com\">info@therapie-bz.com<\/a>. Siamo felici di aiutare. Per i reclami come l&#8217;autorit\u00e0 di vigilanza del &#8220;Garante per la Protezione dei Dati Personali&#8221; responsabile Piazza di Monte Citorio n 121 00186 ROMA, telefono :. (+39) 06.696771, E-mail: <a href=\"mailto:garante@gpdp.it\">garante@gpdp.it<\/a>.<br \/>\nConsenso per la ricezione di informazioni via e-mail o posta.<\/p>\n<p>Tradotto con Google Translator. Solo la <a href=\"http:\/\/www.therapie-bz.com\/datenschutzerklaerung\/\">versione tedesca<\/a> di questo testo \u00e8 vincolante.<\/p>\n","protected":false},"excerpt":{"rendered":"<p>GDPR &#8211; Regolamento generale sulla protezione dei dati dell&#8217;UE Questa normativa per gli utenti di questo sito in conformit\u00e0 con l&#8217;UE regolamento principi di protezione dei dati (DSGVO) sul modo in cui Signora Bernadette Schwienbacher, Tel. +39 348 564 23 61, Email: info@therapie-bz.com \/ Bernadette Schwienbacher, via Cermes 2, 39011 Lana, Italia di informare la [&hellip;]<\/p>\n","protected":false},"author":5015,"featured_media":0,"parent":0,"menu_order":0,"comment_status":"closed","ping_status":"closed","template":"","meta":{"footnotes":""},"class_list":["post-4051","page","type-page","status-publish","hentry"],"_links":{"self":[{"href":"https:\/\/www.therapie-bz.com\/it\/wp-json\/wp\/v2\/pages\/4051\/"}],"collection":[{"href":"https:\/\/www.therapie-bz.com\/it\/wp-json\/wp\/v2\/pages\/"}],"about":[{"href":"https:\/\/www.therapie-bz.com\/it\/wp-json\/wp\/v2\/types\/page\/"}],"author":[{"embeddable":true,"href":"https:\/\/www.therapie-bz.com\/it\/wp-json\/wp\/v2\/users\/5015\/"}],"replies":[{"embeddable":true,"href":"https:\/\/www.therapie-bz.com\/it\/wp-json\/wp\/v2\/comments\/?post=4051"}],"version-history":[{"count":0,"href":"https:\/\/www.therapie-bz.com\/it\/wp-json\/wp\/v2\/pages\/4051\/revisions\/"}],"wp:attachment":[{"href":"https:\/\/www.therapie-bz.com\/it\/wp-json\/wp\/v2\/media\/?parent=4051"}],"curies":[{"name":"wp","href":"https:\/\/api.w.org\/{rel}","templated":true}]}}