{"id":9645,"date":"2020-05-30T12:49:18","date_gmt":"2020-05-30T10:49:18","guid":{"rendered":"http:\/\/www.therapie-bz.com\/video-kanal\/"},"modified":"2020-06-21T16:26:30","modified_gmt":"2020-06-21T14:26:30","slug":"video-kanal","status":"publish","type":"page","link":"https:\/\/www.therapie-bz.com\/it\/video-kanal\/","title":{"rendered":"Canale Youtube"},"content":{"rendered":"<div class=\"flex_column av_one_half  flex_column_div av-zero-column-padding first  \" style='border-radius:0px; '><p><div style='padding-bottom:20px;' class='av-special-heading av-special-heading-h1  blockquote modern-quote   '><h1 class='av-special-heading-tag '  itemprop=\"headline\"  >Il nostro canale su youtube.com\/therapiebz <\/h1><div class ='av-subheading av-subheading_below  ' style='font-size:26px;'><p>Bernadette Schwienbacher e Villa Hartungen<\/p>\n<\/div><div class='special-heading-border'><div class='special-heading-inner-border' ><\/div><\/div><\/div><br \/>\n<section class=\"av_textblock_section \"  itemscope=\"itemscope\" itemtype=\"https:\/\/schema.org\/CreativeWork\" ><div class='avia_textblock  '   itemprop=\"text\" ><p>Sul nostro\u00a0\u00a0<a href=\"https:\/\/www.youtube.com\/therapiebz\/videos\" target=\"_blank\" rel=\"noopener\">canale youtube<\/a>\u00a0troverai i nostri video, video corsi, le nostre presentazione dei libri etc.<\/p>\n<\/div><\/section><\/p><\/div>\n<div class=\"flex_column av_one_half  flex_column_div av-zero-column-padding   \" style='border-radius:0px; '><div class='avia-image-container  av-styling- av-hover-grow    avia-align-right '  itemprop=\"ImageObject\" itemscope=\"itemscope\" itemtype=\"https:\/\/schema.org\/ImageObject\"  ><div class='avia-image-container-inner'><img class='avia_image ' src='https:\/\/www.therapie-bz.com\/wp-content\/uploads\/2020\/06\/youtubekanal-495x332.jpg' alt='' title='youtubekanal'   itemprop=\"thumbnailUrl\"  \/><\/div><\/div><\/div>\n<section class=\"av_textblock_section \"  itemscope=\"itemscope\" itemtype=\"https:\/\/schema.org\/CreativeWork\" ><div class='avia_textblock  '   itemprop=\"text\" ><div class=\"epyt-gallery \" data-currpage=\"1\" id=\"epyt_gallery_39677\"><iframe  id=\"_ytid_61476\"  width=\"500\" height=\"281\"  data-origwidth=\"500\" data-origheight=\"281\" src=\"https:\/\/www.youtube.com\/embed\/pU7GDbgW7No?enablejsapi=1&autoplay=0&cc_load_policy=0&cc_lang_pref=&iv_load_policy=1&loop=0&modestbranding=0&rel=0&fs=1&playsinline=0&autohide=2&theme=dark&color=red&controls=1&index=0&\" class=\"__youtube_prefs__  no-lazyload\" title=\"YouTube player\"  data-epytgalleryid=\"epyt_gallery_39677\"  allow=\"fullscreen; accelerometer; autoplay; clipboard-write; encrypted-media; gyroscope; picture-in-picture\" allowfullscreen data-no-lazy=\"1\" data-skipgform_ajax_framebjll=\"\"><\/iframe><div class=\"epyt-gallery-subscribe\"><a target=\"_blank\" class=\"epyt-gallery-subbutton\" href=\"https:\/\/www.youtube.com\/channel\/UCOZM0IGgExcCM_GG0UgAcwQ?sub_confirmation=1\"><img decoding=\"async\" alt=\"subscribe\" src=\"https:\/\/www.therapie-bz.com\/wp-content\/plugins\/youtube-embed-plus-pro\/images\/play-subscribe.png\" \/>Abonniere meinen Youtube-Kanal<\/a><\/div><div class=\"epyt-gallery-list epyt-gallery-style-grid\"><div class=\"epyt-pagination \"><div tabindex=\"0\" role=\"button\" class=\"epyt-pagebutton epyt-prev  hide \" data-playlistid=\"UUOZM0IGgExcCM_GG0UgAcwQ\" data-pagesize=\"15\" data-pagetoken=\"\" data-style=\"grid\" data-epcolumns=\"3\" data-showtitle=\"1\" data-showpaging=\"1\" data-autonext=\"0\" data-hidethumbimg=\"0\" data-thumbplay=\"1\"><div class=\"epyt-arrow\">&laquo;<\/div> <div>Prev<\/div><\/div><div class=\"epyt-pagenumbers \"><div class=\"epyt-current\">1<\/div><div class=\"epyt-pageseparator\"> \/ <\/div><div class=\"epyt-totalpages\">5<\/div><\/div><div tabindex=\"0\" role=\"button\" class=\"epyt-pagebutton epyt-next\" data-playlistid=\"UUOZM0IGgExcCM_GG0UgAcwQ\" data-pagesize=\"15\" data-pagetoken=\"EAAaHlBUOkNBOGlFRE5EUVRkQk1qZzNRMFpCT1VJd1JURQ\" data-style=\"grid\" data-epcolumns=\"3\" data-showtitle=\"1\" data-showpaging=\"1\" data-autonext=\"0\" data-hidethumbimg=\"0\" data-thumbplay=\"1\"><div>Next<\/div> <div class=\"epyt-arrow\">&raquo;<\/div><\/div><div class=\"epyt-loader\"><img decoding=\"async\" alt=\"loading\" width=\"16\" height=\"11\" src=\"https:\/\/www.therapie-bz.com\/wp-content\/plugins\/youtube-embed-plus-pro\/images\/gallery-page-loader.gif\"><\/div><\/div><div class=\"epyt-gallery-allthumbs  epyt-cols-3 \"><div tabindex=\"0\" role=\"button\" data-videoid=\"pU7GDbgW7No\" class=\"epyt-gallery-thumb \" ><div class=\"epyt-gallery-img-box\"><div class=\"epyt-gallery-img\" style=\"background-image: url(https:\/\/i.ytimg.com\/vi\/pU7GDbgW7No\/hqdefault.jpg)\"><div class=\"epyt-gallery-playhover\"><img decoding=\"async\" alt=\"play\" class=\"epyt-play-img\" width=\"30\" height=\"23\" src=\"https:\/\/www.therapie-bz.com\/wp-content\/plugins\/youtube-embed-plus-pro\/images\/playhover.png\" data-no-lazy=\"1\" data-skipgform_ajax_framebjll=\"\" \/><div class=\"epyt-gallery-playcrutch\"><\/div><\/div><\/div><\/div><div class=\"epyt-gallery-title\">Ispiration Gesundheit VID 20251217 WA0027<\/div><\/div><div tabindex=\"0\" role=\"button\" data-videoid=\"D6AIC_PubYQ\" class=\"epyt-gallery-thumb \" ><div class=\"epyt-gallery-img-box\"><div class=\"epyt-gallery-img\" style=\"background-image: url(https:\/\/i.ytimg.com\/vi\/D6AIC_PubYQ\/hqdefault.jpg)\"><div class=\"epyt-gallery-playhover\"><img decoding=\"async\" alt=\"play\" class=\"epyt-play-img\" width=\"30\" height=\"23\" src=\"https:\/\/www.therapie-bz.com\/wp-content\/plugins\/youtube-embed-plus-pro\/images\/playhover.png\" data-no-lazy=\"1\" data-skipgform_ajax_framebjll=\"\" \/><div class=\"epyt-gallery-playcrutch\"><\/div><\/div><\/div><\/div><div class=\"epyt-gallery-title\">Empfangen und Geben im Gleichgewicht<\/div><\/div><div tabindex=\"0\" role=\"button\" data-videoid=\"VzS9_LMUTZg\" class=\"epyt-gallery-thumb \" ><div class=\"epyt-gallery-img-box\"><div class=\"epyt-gallery-img\" style=\"background-image: url(https:\/\/i.ytimg.com\/vi\/VzS9_LMUTZg\/hqdefault.jpg)\"><div class=\"epyt-gallery-playhover\"><img decoding=\"async\" alt=\"play\" class=\"epyt-play-img\" width=\"30\" height=\"23\" src=\"https:\/\/www.therapie-bz.com\/wp-content\/plugins\/youtube-embed-plus-pro\/images\/playhover.png\" data-no-lazy=\"1\" data-skipgform_ajax_framebjll=\"\" \/><div class=\"epyt-gallery-playcrutch\"><\/div><\/div><\/div><\/div><div class=\"epyt-gallery-title\">Schwingung\/Energie messen mit Pendel, Biotensor, Rute, mit Bernadtte Schwienbacher.<\/div><\/div><div class=\"epyt-gallery-rowbreak\"><\/div><div tabindex=\"0\" role=\"button\" data-videoid=\"iBEV6vaudic\" class=\"epyt-gallery-thumb \" ><div class=\"epyt-gallery-img-box\"><div class=\"epyt-gallery-img\" style=\"background-image: url(https:\/\/i.ytimg.com\/vi\/iBEV6vaudic\/hqdefault.jpg)\"><div class=\"epyt-gallery-playhover\"><img decoding=\"async\" alt=\"play\" class=\"epyt-play-img\" width=\"30\" height=\"23\" src=\"https:\/\/www.therapie-bz.com\/wp-content\/plugins\/youtube-embed-plus-pro\/images\/playhover.png\" data-no-lazy=\"1\" data-skipgform_ajax_framebjll=\"\" \/><div class=\"epyt-gallery-playcrutch\"><\/div><\/div><\/div><\/div><div class=\"epyt-gallery-title\">innerFitness(R) Thema: das WU-WEI des Herzens mit Bernadette  Schwienbacher 2020 04 20 19 06 01 2<\/div><\/div><div tabindex=\"0\" role=\"button\" data-videoid=\"hbmJcPWSSUc\" class=\"epyt-gallery-thumb \" ><div class=\"epyt-gallery-img-box\"><div class=\"epyt-gallery-img\" style=\"background-image: url(https:\/\/i.ytimg.com\/vi\/hbmJcPWSSUc\/hqdefault.jpg)\"><div class=\"epyt-gallery-playhover\"><img decoding=\"async\" alt=\"play\" class=\"epyt-play-img\" width=\"30\" height=\"23\" src=\"https:\/\/www.therapie-bz.com\/wp-content\/plugins\/youtube-embed-plus-pro\/images\/playhover.png\" data-no-lazy=\"1\" data-skipgform_ajax_framebjll=\"\" \/><div class=\"epyt-gallery-playcrutch\"><\/div><\/div><\/div><\/div><div class=\"epyt-gallery-title\">innerFitness(R) Thema: Zellreinigung - Grundwerkzeuge der Sch\u00f6pfung-  mit Bernadette Schwienbacher<\/div><\/div><div tabindex=\"0\" role=\"button\" data-videoid=\"gxj6o9Gdhgo\" class=\"epyt-gallery-thumb \" ><div class=\"epyt-gallery-img-box\"><div class=\"epyt-gallery-img\" style=\"background-image: url(https:\/\/i.ytimg.com\/vi\/gxj6o9Gdhgo\/hqdefault.jpg)\"><div class=\"epyt-gallery-playhover\"><img decoding=\"async\" alt=\"play\" class=\"epyt-play-img\" width=\"30\" height=\"23\" src=\"https:\/\/www.therapie-bz.com\/wp-content\/plugins\/youtube-embed-plus-pro\/images\/playhover.png\" data-no-lazy=\"1\" data-skipgform_ajax_framebjll=\"\" \/><div class=\"epyt-gallery-playcrutch\"><\/div><\/div><\/div><\/div><div class=\"epyt-gallery-title\">Strom Gas Treibstoff kostenfrei<\/div><\/div><div class=\"epyt-gallery-rowbreak\"><\/div><div tabindex=\"0\" role=\"button\" data-videoid=\"Gfruu_PcovI\" class=\"epyt-gallery-thumb \" ><div class=\"epyt-gallery-img-box\"><div class=\"epyt-gallery-img\" style=\"background-image: url(https:\/\/i.ytimg.com\/vi\/Gfruu_PcovI\/hqdefault.jpg)\"><div class=\"epyt-gallery-playhover\"><img decoding=\"async\" alt=\"play\" class=\"epyt-play-img\" width=\"30\" height=\"23\" src=\"https:\/\/www.therapie-bz.com\/wp-content\/plugins\/youtube-embed-plus-pro\/images\/playhover.png\" data-no-lazy=\"1\" data-skipgform_ajax_framebjll=\"\" \/><div class=\"epyt-gallery-playcrutch\"><\/div><\/div><\/div><\/div><div class=\"epyt-gallery-title\">Sch\u00f6nheit innen und au\u00dfen<\/div><\/div><div tabindex=\"0\" role=\"button\" data-videoid=\"4a2zl1xJ2Q8\" class=\"epyt-gallery-thumb \" ><div class=\"epyt-gallery-img-box\"><div class=\"epyt-gallery-img\" style=\"background-image: url(https:\/\/i.ytimg.com\/vi\/4a2zl1xJ2Q8\/hqdefault.jpg)\"><div class=\"epyt-gallery-playhover\"><img decoding=\"async\" alt=\"play\" class=\"epyt-play-img\" width=\"30\" height=\"23\" src=\"https:\/\/www.therapie-bz.com\/wp-content\/plugins\/youtube-embed-plus-pro\/images\/playhover.png\" data-no-lazy=\"1\" data-skipgform_ajax_framebjll=\"\" \/><div class=\"epyt-gallery-playcrutch\"><\/div><\/div><\/div><\/div><div class=\"epyt-gallery-title\">Stille Entz\u00fcndungen du sp\u00fcrst nichts-aber in deinem K\u00f6rper brennt es<\/div><\/div><div tabindex=\"0\" role=\"button\" data-videoid=\"v68RRnsGgYI\" class=\"epyt-gallery-thumb \" ><div class=\"epyt-gallery-img-box\"><div class=\"epyt-gallery-img\" style=\"background-image: url(https:\/\/i.ytimg.com\/vi\/v68RRnsGgYI\/hqdefault.jpg)\"><div class=\"epyt-gallery-playhover\"><img decoding=\"async\" alt=\"play\" class=\"epyt-play-img\" width=\"30\" height=\"23\" src=\"https:\/\/www.therapie-bz.com\/wp-content\/plugins\/youtube-embed-plus-pro\/images\/playhover.png\" data-no-lazy=\"1\" data-skipgform_ajax_framebjll=\"\" \/><div class=\"epyt-gallery-playcrutch\"><\/div><\/div><\/div><\/div><div class=\"epyt-gallery-title\">Expertin f\u00fcr ganzheitliche Gesundheit Bernadette<\/div><\/div><div class=\"epyt-gallery-rowbreak\"><\/div><div tabindex=\"0\" role=\"button\" data-videoid=\"a_3SgNOldAQ\" class=\"epyt-gallery-thumb \" ><div class=\"epyt-gallery-img-box\"><div class=\"epyt-gallery-img\" style=\"background-image: url(https:\/\/i.ytimg.com\/vi\/a_3SgNOldAQ\/hqdefault.jpg)\"><div class=\"epyt-gallery-playhover\"><img decoding=\"async\" alt=\"play\" class=\"epyt-play-img\" width=\"30\" height=\"23\" src=\"https:\/\/www.therapie-bz.com\/wp-content\/plugins\/youtube-embed-plus-pro\/images\/playhover.png\" data-no-lazy=\"1\" data-skipgform_ajax_framebjll=\"\" \/><div class=\"epyt-gallery-playcrutch\"><\/div><\/div><\/div><\/div><div class=\"epyt-gallery-title\">Die Hypnose Bernadette Schwienbacher<\/div><\/div><div tabindex=\"0\" role=\"button\" data-videoid=\"Off74GuPTUo\" class=\"epyt-gallery-thumb \" ><div class=\"epyt-gallery-img-box\"><div class=\"epyt-gallery-img\" style=\"background-image: url(https:\/\/i.ytimg.com\/vi\/Off74GuPTUo\/hqdefault.jpg)\"><div class=\"epyt-gallery-playhover\"><img decoding=\"async\" alt=\"play\" class=\"epyt-play-img\" width=\"30\" height=\"23\" src=\"https:\/\/www.therapie-bz.com\/wp-content\/plugins\/youtube-embed-plus-pro\/images\/playhover.png\" data-no-lazy=\"1\" data-skipgform_ajax_framebjll=\"\" \/><div class=\"epyt-gallery-playcrutch\"><\/div><\/div><\/div><\/div><div class=\"epyt-gallery-title\">Ein L\u00e4cheln am Morgen<\/div><\/div><div tabindex=\"0\" role=\"button\" data-videoid=\"8_6Kkqm3sHI\" class=\"epyt-gallery-thumb \" ><div class=\"epyt-gallery-img-box\"><div class=\"epyt-gallery-img\" style=\"background-image: url(https:\/\/i.ytimg.com\/vi\/8_6Kkqm3sHI\/hqdefault.jpg)\"><div class=\"epyt-gallery-playhover\"><img decoding=\"async\" alt=\"play\" class=\"epyt-play-img\" width=\"30\" height=\"23\" src=\"https:\/\/www.therapie-bz.com\/wp-content\/plugins\/youtube-embed-plus-pro\/images\/playhover.png\" data-no-lazy=\"1\" data-skipgform_ajax_framebjll=\"\" \/><div class=\"epyt-gallery-playcrutch\"><\/div><\/div><\/div><\/div><div class=\"epyt-gallery-title\">Sch\u00f6nheit Innen und Au\u00dfen<\/div><\/div><div class=\"epyt-gallery-rowbreak\"><\/div><div tabindex=\"0\" role=\"button\" data-videoid=\"l_FL6oS3QsU\" class=\"epyt-gallery-thumb \" ><div class=\"epyt-gallery-img-box\"><div class=\"epyt-gallery-img\" style=\"background-image: url(https:\/\/i.ytimg.com\/vi\/l_FL6oS3QsU\/hqdefault.jpg)\"><div class=\"epyt-gallery-playhover\"><img decoding=\"async\" alt=\"play\" class=\"epyt-play-img\" width=\"30\" height=\"23\" src=\"https:\/\/www.therapie-bz.com\/wp-content\/plugins\/youtube-embed-plus-pro\/images\/playhover.png\" data-no-lazy=\"1\" data-skipgform_ajax_framebjll=\"\" \/><div class=\"epyt-gallery-playcrutch\"><\/div><\/div><\/div><\/div><div class=\"epyt-gallery-title\">Impulse f\u00fcr mehr Gesundheit<\/div><\/div><div tabindex=\"0\" role=\"button\" data-videoid=\"UDnwcfbR07s\" class=\"epyt-gallery-thumb \" ><div class=\"epyt-gallery-img-box\"><div class=\"epyt-gallery-img\" style=\"background-image: url(https:\/\/i.ytimg.com\/vi\/UDnwcfbR07s\/hqdefault.jpg)\"><div class=\"epyt-gallery-playhover\"><img decoding=\"async\" alt=\"play\" class=\"epyt-play-img\" width=\"30\" height=\"23\" src=\"https:\/\/www.therapie-bz.com\/wp-content\/plugins\/youtube-embed-plus-pro\/images\/playhover.png\" data-no-lazy=\"1\" data-skipgform_ajax_framebjll=\"\" \/><div class=\"epyt-gallery-playcrutch\"><\/div><\/div><\/div><\/div><div class=\"epyt-gallery-title\">Weihnachten mp4 neu<\/div><\/div><div tabindex=\"0\" role=\"button\" data-videoid=\"a2zcYweg0jc\" class=\"epyt-gallery-thumb \" ><div class=\"epyt-gallery-img-box\"><div class=\"epyt-gallery-img\" style=\"background-image: url(https:\/\/i.ytimg.com\/vi\/a2zcYweg0jc\/hqdefault.jpg)\"><div class=\"epyt-gallery-playhover\"><img decoding=\"async\" alt=\"play\" class=\"epyt-play-img\" width=\"30\" height=\"23\" src=\"https:\/\/www.therapie-bz.com\/wp-content\/plugins\/youtube-embed-plus-pro\/images\/playhover.png\" data-no-lazy=\"1\" data-skipgform_ajax_framebjll=\"\" \/><div class=\"epyt-gallery-playcrutch\"><\/div><\/div><\/div><\/div><div class=\"epyt-gallery-title\">Videoausschnitt Meridian Dehnung mit Bernadette Schwienbacher<\/div><\/div><div class=\"epyt-gallery-rowbreak\"><\/div><div class=\"epyt-gallery-clear\"><\/div><\/div><div class=\"epyt-pagination \"><div tabindex=\"0\" role=\"button\" class=\"epyt-pagebutton epyt-prev  hide \" data-playlistid=\"UUOZM0IGgExcCM_GG0UgAcwQ\" data-pagesize=\"15\" data-pagetoken=\"\" data-style=\"grid\" data-epcolumns=\"3\" data-showtitle=\"1\" data-showpaging=\"1\" data-autonext=\"0\" data-hidethumbimg=\"0\" data-thumbplay=\"1\"><div class=\"epyt-arrow\">&laquo;<\/div> <div>Prev<\/div><\/div><div class=\"epyt-pagenumbers \"><div class=\"epyt-current\">1<\/div><div class=\"epyt-pageseparator\"> \/ <\/div><div class=\"epyt-totalpages\">5<\/div><\/div><div tabindex=\"0\" role=\"button\" class=\"epyt-pagebutton epyt-next\" data-playlistid=\"UUOZM0IGgExcCM_GG0UgAcwQ\" data-pagesize=\"15\" data-pagetoken=\"EAAaHlBUOkNBOGlFRE5EUVRkQk1qZzNRMFpCT1VJd1JURQ\" data-style=\"grid\" data-epcolumns=\"3\" data-showtitle=\"1\" data-showpaging=\"1\" data-autonext=\"0\" data-hidethumbimg=\"0\" data-thumbplay=\"1\"><div>Next<\/div> <div class=\"epyt-arrow\">&raquo;<\/div><\/div><div class=\"epyt-loader\"><img decoding=\"async\" alt=\"loading\" width=\"16\" height=\"11\" src=\"https:\/\/www.therapie-bz.com\/wp-content\/plugins\/youtube-embed-plus-pro\/images\/gallery-page-loader.gif\"><\/div><\/div><\/div><\/div>\n<\/div><\/section>\n","protected":false},"excerpt":{"rendered":"","protected":false},"author":5018,"featured_media":9636,"parent":0,"menu_order":0,"comment_status":"closed","ping_status":"closed","template":"","meta":{"footnotes":""},"class_list":["post-9645","page","type-page","status-publish","has-post-thumbnail","hentry"],"_links":{"self":[{"href":"https:\/\/www.therapie-bz.com\/it\/wp-json\/wp\/v2\/pages\/9645\/"}],"collection":[{"href":"https:\/\/www.therapie-bz.com\/it\/wp-json\/wp\/v2\/pages\/"}],"about":[{"href":"https:\/\/www.therapie-bz.com\/it\/wp-json\/wp\/v2\/types\/page\/"}],"author":[{"embeddable":true,"href":"https:\/\/www.therapie-bz.com\/it\/wp-json\/wp\/v2\/users\/5018\/"}],"replies":[{"embeddable":true,"href":"https:\/\/www.therapie-bz.com\/it\/wp-json\/wp\/v2\/comments\/?post=9645"}],"version-history":[{"count":0,"href":"https:\/\/www.therapie-bz.com\/it\/wp-json\/wp\/v2\/pages\/9645\/revisions\/"}],"wp:featuredmedia":[{"embeddable":true,"href":"https:\/\/www.therapie-bz.com\/it\/wp-json\/wp\/v2\/media\/9636\/"}],"wp:attachment":[{"href":"https:\/\/www.therapie-bz.com\/it\/wp-json\/wp\/v2\/media\/?parent=9645"}],"curies":[{"name":"wp","href":"https:\/\/api.w.org\/{rel}","templated":true}]}}