{"id":992,"date":"2017-08-23T09:21:14","date_gmt":"2017-08-23T07:21:14","guid":{"rendered":"http:\/\/www.therapie-bz.com\/\/home\/"},"modified":"2024-09-10T18:18:40","modified_gmt":"2024-09-10T16:18:40","slug":"bernadette-schwienbacher","status":"publish","type":"page","link":"https:\/\/www.therapie-bz.com\/it\/bernadette-schwienbacher\/","title":{"rendered":"Bernadette Schwienbacher"},"content":{"rendered":"<\/div><\/div><\/div><!-- close content main div --><\/div><\/div><div id='av_section_1' class='avia-section main_color avia-section-default avia-no-shadow avia-full-stretch avia-bg-style-fixed    av-minimum-height av-minimum-height-100 container_wrap fullsize' style = 'background-repeat: no-repeat; background-image: url(https:\/\/www.therapie-bz.com\/wp-content\/uploads\/2017\/08\/bernadette-schwienbacher_home-e1580320037746.jpg); background-attachment: fixed; background-position: center center; ' data-section-bg-repeat='stretch' ><div class='av-section-color-overlay-wrap'><a href='#next-section' title='' class='scroll-down-link '  aria-hidden='true' data-av_icon='\ue877' data-av_iconfont='entypo-fontello'><\/a><div class='container' ><div class='template-page content  av-content-full alpha units'><div class='post-entry post-entry-type-page post-entry-992'><div class='entry-content-wrapper clearfix'>\n<div class=\"flex_column av_one_half  flex_column_div av-zero-column-padding first  \" style='border-radius:0px; '><\/div><div class=\"flex_column av_one_half  flex_column_div av-zero-column-padding   \" style='border-radius:0px; '><p><div style='height:140px' class='hr hr-invisible  av-desktop-hide av-medium-hide av-small-hide  '><span class='hr-inner ' ><span class='hr-inner-style'><\/span><\/span><\/div><br \/>\n<div class='avia-image-container avia_animated_image avia_animate_when_almost_visible fade-in av-styling-   av-mini-hide   avia-align- '  itemprop=\"ImageObject\" itemscope=\"itemscope\" itemtype=\"https:\/\/schema.org\/ImageObject\"  ><div class='avia-image-container-inner'><a href='#home' class='avia_image'  ><img class='avia_image ' src='https:\/\/www.therapie-bz.com\/wp-content\/uploads\/2017\/08\/bernadette-schwienbacher_unterschr3.png' alt='' title='bernadette-schwienbacher_unterschr3'  itemprop=\"thumbnailUrl\"  \/><\/a><\/div><\/div><br \/>\n<div style='padding-bottom:10px;color:#ffffff;' class='av-special-heading av-special-heading-h2 custom-color-heading blockquote modern-quote modern-centered   '><h2 class='av-special-heading-tag '  itemprop=\"headline\"  >Vivere con la natura<\/h2><div class='special-heading-border'><div class='special-heading-inner-border' style='border-color:#ffffff'><\/div><\/div><\/div><\/p><\/div>\n\n<div class=\"flex_column av_one_full  flex_column_div av-zero-column-padding first  \" style='border-radius:0px; '><div class='avia-image-container  av-styling-   av-desktop-hide av-medium-hide av-small-hide av-mini-hide   avia-align-center '  itemprop=\"ImageObject\" itemscope=\"itemscope\" itemtype=\"https:\/\/schema.org\/ImageObject\"  ><div class='avia-image-container-inner'><a href='https:\/\/www.therapie-bz.com\/it\/corsi-di-formazione\/' class='avia_image'  ><img class='avia_image ' src='https:\/\/www.therapie-bz.com\/wp-content\/uploads\/2020\/08\/CorsidiformazioneBernadetteSchwienbacher.jpg' alt='' title='CorsidiformazioneBernadetteSchwienbacher'  itemprop=\"thumbnailUrl\"  \/><\/a><\/div><\/div><\/div>\n<\/div><\/div><\/div><!-- close content main div --><\/div><\/div><\/div><div id='av_section_2' class='avia-section main_color avia-section-default avia-no-shadow avia-full-contain avia-bg-style-scroll    av-desktop-hide av-medium-hide av-small-hide av-mini-hide av-minimum-height av-minimum-height-100 container_wrap fullsize' style = 'background-repeat: no-repeat; background-image: url(https:\/\/www.therapie-bz.com\/wp-content\/uploads\/2017\/08\/bernadette-schwienbacher_home-e1580320037746.jpg); background-attachment: scroll; background-position: top left; ' data-section-bg-repeat='contain' ><div class='av-section-color-overlay-wrap'><a href='#next-section' title='' class='scroll-down-link '  aria-hidden='true' data-av_icon='\ue877' data-av_iconfont='entypo-fontello'><\/a><div class='container' ><div class='template-page content  av-content-full alpha units'><div class='post-entry post-entry-type-page post-entry-992'><div class='entry-content-wrapper clearfix'>\n<div class=\"flex_column av_three_fifth  flex_column_div av-zero-column-padding first  \" style='border-radius:0px; '><\/div><div class=\"flex_column av_two_fifth  av-hide-on-mobile  flex_column_div av-zero-column-padding    \" style='border-radius:0px; '><p><div class='avia-image-container avia_animated_image avia_animate_when_almost_visible fade-in av-styling-   av-mini-hide   avia-align- '  itemprop=\"ImageObject\" itemscope=\"itemscope\" itemtype=\"https:\/\/schema.org\/ImageObject\"  ><div class='avia-image-container-inner'><a href='#home' class='avia_image'  ><img class='avia_image ' src='https:\/\/www.therapie-bz.com\/wp-content\/uploads\/2017\/08\/bernadette-schwienbacher_unterschr3.png' alt='' title='bernadette-schwienbacher_unterschr3'  itemprop=\"thumbnailUrl\"  \/><\/a><\/div><\/div><br \/>\n<div style='padding-bottom:10px;color:#ffffff;' class='av-special-heading av-special-heading-h2 custom-color-heading blockquote modern-quote modern-centered   '><h2 class='av-special-heading-tag '  itemprop=\"headline\"  >Vivere con la natura<\/h2><div class='special-heading-border'><div class='special-heading-inner-border' style='border-color:#ffffff'><\/div><\/div><\/div><\/p><\/div>\n\n<article class=\"iconbox iconbox_top main_color     \"  itemscope=\"itemscope\" itemtype=\"https:\/\/schema.org\/CreativeWork\" ><div class=\"iconbox_content\"><header class=\"entry-content-header\"><div class=\"iconbox_icon heading-color \" aria-hidden='true' data-av_icon='\ue827' data-av_iconfont='entypo-fontello'  style='border:1px solid #686868; ' ><\/div><h3 class='iconbox_content_title '  itemprop=\"headline\"  >I miei servizi<\/h3><\/header><div class='iconbox_content_container  '  itemprop=\"text\"  ><p>Offro consulenza e sostegno.<\/p>\n<p>Non organizziamo pi\u00fa corsi di formazione.<\/p>\n<\/div><\/div><footer class=\"entry-footer\"><\/footer><\/article>\n<div class='avia-image-container  av-styling-     avia-align-center '  itemprop=\"ImageObject\" itemscope=\"itemscope\" itemtype=\"https:\/\/schema.org\/ImageObject\"  ><div class='avia-image-container-inner'><img class='avia_image ' src='https:\/\/www.therapie-bz.com\/wp-content\/uploads\/2024\/09\/BernadetteSchwienbacherBeratungITAw.jpg' alt='' title='BernadetteSchwienbacherBeratungITAw'   itemprop=\"thumbnailUrl\"  \/><\/div><\/div>\n<div class=\"flex_column av_one_full  flex_column_div av-zero-column-padding first  \" style='border-radius:0px; '><div class=' grid-sort-container isotope   no_margin-container with-title-container grid-total-even grid-col-1 grid-links-' data-portfolio-id='1'><div data-ajax-id='465' class=' grid-entry flex_column isotope-item all_sort no_margin post-entry post-entry-465 grid-entry-overview grid-loop-1 grid-parity-odd  portfolio-titelseite_sort  av_fullwidth first special_av_fullwidth '><article class='main_color inner-entry'  itemscope=\"itemscope\" itemtype=\"https:\/\/schema.org\/CreativeWork\" ><div class='av_table_col first portfolio-entry grid-content'><header class=\"entry-content-header\"><h2 class='portfolio-grid-title entry-title'  itemprop=\"headline\" ><a href='https:\/\/www.therapie-bz.com\/therapie-suedtirol\/produkte\/'>Produkte<\/a><\/h2><\/header><div class=\"avia-arrow\"><\/div><\/div><div class='av_table_col portfolio-grid-image'><a href='https:\/\/www.therapie-bz.com\/therapie-suedtirol\/produkte\/' title='Produkte'  data-rel='grid-1' class='grid-image avia-hover-fx'><img fetchpriority=\"high\" decoding=\"async\" width=\"1030\" height=\"430\" src=\"https:\/\/www.therapie-bz.com\/wp-content\/uploads\/2017\/11\/bernadette-schwienbacher_produkte-1500x1000-1030x430.jpg\" class=\"attachment-featured size-featured wp-post-image\" alt=\"\" \/><\/a><\/div><footer class=\"entry-footer\"><\/footer><\/article><\/div><div data-ajax-id='82' class=' grid-entry flex_column isotope-item all_sort no_margin post-entry post-entry-82 grid-entry-overview grid-loop-2 grid-parity-even  5-tibeter-trainer-ausbildung_sort portfolio-titelseite_sort  av_fullwidth first special_av_fullwidth '><article class='main_color inner-entry'  itemscope=\"itemscope\" itemtype=\"https:\/\/schema.org\/CreativeWork\" ><div class='av_table_col first portfolio-entry grid-content'><header class=\"entry-content-header\"><h2 class='portfolio-grid-title entry-title'  itemprop=\"headline\" ><a href='https:\/\/www.therapie-bz.com\/therapie-suedtirol\/5-tibeter-trainer-ausbildung\/'>5 Tibeter\u00ae-Trainer-Ausbildung<\/a><\/h2><\/header><div class=\"avia-arrow\"><\/div><\/div><div class='av_table_col portfolio-grid-image'><a href='https:\/\/www.therapie-bz.com\/therapie-suedtirol\/5-tibeter-trainer-ausbildung\/' title='5 Tibeter\u00ae-Trainer-Ausbildung'  data-rel='grid-1' class='grid-image avia-hover-fx'><img decoding=\"async\" width=\"1030\" height=\"430\" src=\"https:\/\/www.therapie-bz.com\/wp-content\/uploads\/2017\/09\/bernadette-schwienbacher_5-tibeter-ausbildung-1030x430.jpg\" class=\"attachment-featured size-featured wp-post-image\" alt=\"\" \/><\/a><\/div><footer class=\"entry-footer\"><\/footer><\/article><\/div><div data-ajax-id='110' class=' grid-entry flex_column isotope-item all_sort no_margin post-entry post-entry-110 grid-entry-overview grid-loop-3 grid-parity-odd  dorn-breuss-ausbildung_sort portfolio-titelseite_sort  av_fullwidth first special_av_fullwidth '><article class='main_color inner-entry'  itemscope=\"itemscope\" itemtype=\"https:\/\/schema.org\/CreativeWork\" ><div class='av_table_col first portfolio-entry grid-content'><header class=\"entry-content-header\"><h2 class='portfolio-grid-title entry-title'  itemprop=\"headline\" ><a href='https:\/\/www.therapie-bz.com\/therapie-suedtirol\/dorn-und-breuss-ausbildung\/'>Dorn - Breuss Ausbildung<\/a><\/h2><\/header><div class=\"avia-arrow\"><\/div><\/div><div class='av_table_col portfolio-grid-image'><a href='https:\/\/www.therapie-bz.com\/therapie-suedtirol\/dorn-und-breuss-ausbildung\/' title='Dorn - Breuss Ausbildung'  data-rel='grid-1' class='grid-image avia-hover-fx'><img decoding=\"async\" width=\"1030\" height=\"430\" src=\"https:\/\/www.therapie-bz.com\/wp-content\/uploads\/2017\/09\/bernadette-schwienbacher_dorn-breuss-methode-ausbildung-kl-1030x430.jpg\" class=\"attachment-featured size-featured wp-post-image\" alt=\"Dorn &amp; Breuss Aufbautag\" \/><\/a><\/div><footer class=\"entry-footer\"><\/footer><\/article><\/div><div data-ajax-id='4164' class=' grid-entry flex_column isotope-item all_sort no_margin post-entry post-entry-4164 grid-entry-overview grid-loop-4 grid-parity-even  dorn-breuss_sort dorn-breuss-ausbildung_sort dorn-breuss-hilfe-zur-selbsthilfe_sort dorn-breuss-mehr_sort dorn-breuss-sitzbrett_sort lesenswertes_sort portfolio-titelseite_sort produkte_sort  av_fullwidth first special_av_fullwidth '><article class='main_color inner-entry'  itemscope=\"itemscope\" itemtype=\"https:\/\/schema.org\/CreativeWork\" ><div class='av_table_col first portfolio-entry grid-content'><header class=\"entry-content-header\"><h2 class='portfolio-grid-title entry-title'  itemprop=\"headline\" ><a href='https:\/\/www.therapie-bz.com\/therapie-suedtirol\/buecher-ratgeber\/'>B\u00fccher & Ratgeber<\/a><\/h2><\/header><div class=\"avia-arrow\"><\/div><\/div><div class='av_table_col portfolio-grid-image'><a href='https:\/\/www.therapie-bz.com\/therapie-suedtirol\/buecher-ratgeber\/' title='B\u00fccher &amp; Ratgeber'  data-rel='grid-1' class='grid-image avia-hover-fx'><img loading=\"lazy\" decoding=\"async\" width=\"1030\" height=\"430\" src=\"https:\/\/www.therapie-bz.com\/wp-content\/uploads\/2018\/02\/bernadette-schwienbacher_Heilkraeuter-fuer-die-Seele-Buchpraesentation-1030x430.jpg\" class=\"attachment-featured size-featured wp-post-image\" alt=\"\" \/><\/a><\/div><footer class=\"entry-footer\"><\/footer><\/article><\/div><div data-ajax-id='7326' class=' grid-entry flex_column isotope-item all_sort no_margin post-entry post-entry-7326 grid-entry-overview grid-loop-5 grid-parity-odd  portfolio-titelseite_sort  av_fullwidth first special_av_fullwidth '><article class='main_color inner-entry'  itemscope=\"itemscope\" itemtype=\"https:\/\/schema.org\/CreativeWork\" ><div class='av_table_col first portfolio-entry grid-content'><header class=\"entry-content-header\"><h2 class='portfolio-grid-title entry-title'  itemprop=\"headline\" ><a href='https:\/\/www.therapie-bz.com\/therapie-suedtirol\/telefonisches-beratungspaket\/'>Telefonisches Beratungspaket<\/a><\/h2><\/header><div class=\"avia-arrow\"><\/div><\/div><div class='av_table_col portfolio-grid-image'><a href='https:\/\/www.therapie-bz.com\/therapie-suedtirol\/telefonisches-beratungspaket\/' title='Telefonisches Beratungspaket'  data-rel='grid-1' class='grid-image avia-hover-fx'><img loading=\"lazy\" decoding=\"async\" width=\"1030\" height=\"430\" src=\"https:\/\/www.therapie-bz.com\/wp-content\/uploads\/2019\/08\/Telefonisches-Beratungspaket2-1030x430.jpg\" class=\"attachment-featured size-featured wp-post-image\" alt=\"\" \/><\/a><\/div><footer class=\"entry-footer\"><\/footer><\/article><\/div><div data-ajax-id='181' class=' grid-entry flex_column isotope-item all_sort no_margin post-entry post-entry-181 grid-entry-overview grid-loop-6 grid-parity-even  portfolio-titelseite_sort prana-ausbildung_sort  av_fullwidth first special_av_fullwidth '><article class='main_color inner-entry'  itemscope=\"itemscope\" itemtype=\"https:\/\/schema.org\/CreativeWork\" ><div class='av_table_col first portfolio-entry grid-content'><header class=\"entry-content-header\"><h2 class='portfolio-grid-title entry-title'  itemprop=\"headline\" ><a href='https:\/\/www.therapie-bz.com\/therapie-suedtirol\/innerfitness-ausbildung\/'>innerFitness\u00ae Ausbildung<\/a><\/h2><\/header><div class=\"avia-arrow\"><\/div><\/div><div class='av_table_col portfolio-grid-image'><a href='https:\/\/www.therapie-bz.com\/therapie-suedtirol\/innerfitness-ausbildung\/' title='innerFitness\u00ae Ausbildung'  data-rel='grid-1' class='grid-image avia-hover-fx'><img loading=\"lazy\" decoding=\"async\" width=\"942\" height=\"427\" src=\"https:\/\/www.therapie-bz.com\/wp-content\/uploads\/2020\/02\/innerfitnessNeuModuleeinzelnBuchbar.jpg\" class=\"attachment-featured size-featured wp-post-image\" alt=\"\" srcset=\"https:\/\/www.therapie-bz.com\/wp-content\/uploads\/2020\/02\/innerfitnessNeuModuleeinzelnBuchbar.jpg 942w, https:\/\/www.therapie-bz.com\/wp-content\/uploads\/2020\/02\/innerfitnessNeuModuleeinzelnBuchbar-300x136.jpg 300w, https:\/\/www.therapie-bz.com\/wp-content\/uploads\/2020\/02\/innerfitnessNeuModuleeinzelnBuchbar-768x348.jpg 768w, https:\/\/www.therapie-bz.com\/wp-content\/uploads\/2020\/02\/innerfitnessNeuModuleeinzelnBuchbar-600x272.jpg 600w, https:\/\/www.therapie-bz.com\/wp-content\/uploads\/2020\/02\/innerfitnessNeuModuleeinzelnBuchbar-705x320.jpg 705w, https:\/\/www.therapie-bz.com\/wp-content\/uploads\/2020\/02\/innerfitnessNeuModuleeinzelnBuchbar-450x204.jpg 450w\" sizes=\"(max-width: 942px) 100vw, 942px\" \/><\/a><\/div><footer class=\"entry-footer\"><\/footer><\/article><\/div><div data-ajax-id='4171' class=' grid-entry flex_column isotope-item all_sort no_margin post-entry post-entry-4171 grid-entry-overview grid-loop-7 grid-parity-odd  portfolio-titelseite_sort produkte_sort  av_fullwidth first special_av_fullwidth '><article class='main_color inner-entry'  itemscope=\"itemscope\" itemtype=\"https:\/\/schema.org\/CreativeWork\" ><div class='av_table_col first portfolio-entry grid-content'><header class=\"entry-content-header\"><h2 class='portfolio-grid-title entry-title'  itemprop=\"headline\" ><a href='https:\/\/www.therapie-bz.com\/therapie-suedtirol\/partnerprodukte\/'>Partnerprodukte<\/a><\/h2><\/header><div class=\"avia-arrow\"><\/div><\/div><div class='av_table_col portfolio-grid-image'><a href='https:\/\/www.therapie-bz.com\/therapie-suedtirol\/partnerprodukte\/' title='Partnerprodukte'  data-rel='grid-1' class='grid-image avia-hover-fx'><img loading=\"lazy\" decoding=\"async\" width=\"1030\" height=\"430\" src=\"https:\/\/www.therapie-bz.com\/wp-content\/uploads\/2017\/11\/bernadette-schwienbacher_chi-maschine-1030x430.jpg\" class=\"attachment-featured size-featured wp-post-image\" alt=\"\" \/><\/a><\/div><footer class=\"entry-footer\"><\/footer><\/article><\/div><div data-ajax-id='4168' class=' grid-entry flex_column isotope-item all_sort no_margin post-entry post-entry-4168 grid-entry-overview grid-loop-8 grid-parity-even  post-entry-last  portfolio-titelseite_sort produkte_sort  av_fullwidth first special_av_fullwidth '><article class='main_color inner-entry'  itemscope=\"itemscope\" itemtype=\"https:\/\/schema.org\/CreativeWork\" ><div class='av_table_col first portfolio-entry grid-content'><header class=\"entry-content-header\"><h2 class='portfolio-grid-title entry-title'  itemprop=\"headline\" ><a href='https:\/\/www.therapie-bz.com\/therapie-suedtirol\/cd-dvd\/'>Videos, Online-Kurse, CD's & DVD's<\/a><\/h2><\/header><div class=\"avia-arrow\"><\/div><\/div><div class='av_table_col portfolio-grid-image'><a href='https:\/\/www.therapie-bz.com\/therapie-suedtirol\/cd-dvd\/' title='Videos, Online-Kurse, CD&#039;s &amp; DVD&#039;s'  data-rel='grid-1' class='grid-image avia-hover-fx'><img loading=\"lazy\" decoding=\"async\" width=\"450\" height=\"430\" src=\"https:\/\/www.therapie-bz.com\/wp-content\/uploads\/2017\/09\/fruechte-el-hierro-450x430.jpg\" class=\"attachment-featured size-featured wp-post-image\" alt=\"Bernadette Schwienbacher\" \/><\/a><\/div><footer class=\"entry-footer\"><\/footer><\/article><\/div><\/div><\/div>\n<\/div><\/div><\/div><!-- close content main div --><\/div><\/div><\/div><div id='home' class='avia-section alternate_color avia-section-default avia-no-shadow avia-bg-style-scroll    container_wrap fullsize'   ><div class='container' ><div class='template-page content  av-content-full alpha units'><div class='post-entry post-entry-type-page post-entry-992'><div class='entry-content-wrapper clearfix'>\n<div style='padding-bottom:10px;' class='av-special-heading av-special-heading-h1  blockquote modern-quote modern-centered   '><h1 class='av-special-heading-tag '  itemprop=\"headline\"  >Un sorriso regala luce<\/h1><div class ='av-subheading av-subheading_below  ' style='font-size:24px;'><p>Leggero come una piuma eppure solido come una roccia \u2013 Vivere con la natura<\/p>\n<\/div><div class='special-heading-border'><div class='special-heading-inner-border' ><\/div><\/div><\/div>\n<section class=\"av_textblock_section \"  itemscope=\"itemscope\" itemtype=\"https:\/\/schema.org\/CreativeWork\" ><div class='avia_textblock  '   itemprop=\"text\" ><p>Amo la natura, perch\u00e9 sono parte di essa e lo sar\u00f2 finch\u00e9 vivo!<\/p>\n<p>Questo \u00e8 un concetto che ho sempre avuto dentro di me, fin da bambina. Tutto stava al suo posto ed insieme formavamo un tutt\u2019uno! La natura \u00e8 sempre stata presente nella mia vita! C\u2018era quando cercavo protezione, mi assisteva quando da bambina cercavo di muovermi liberamente, mi ha donato cibo sano, mi ha consolato nei momenti bui, ha liberato i miei pensieri e mi ha regalato la cosa pi\u00f9 importante: la salute!<\/p>\n<p>Da allora di anni ne sono passati tanti, per\u00f2 una cosa \u00e9 rimasta invariata:<\/p>\n<\/div><\/section>\n<section class=\"av_textblock_section \"  itemscope=\"itemscope\" itemtype=\"https:\/\/schema.org\/CreativeWork\" ><div class='avia_textblock  '   itemprop=\"text\" ><h2 style=\"text-align: center;\">il mio infinito amore per la natura!<\/h2>\n<p>I miei antenati mi trasmisero negli anni il loro sapere sugli elementi e sull\u2018efficacia delle erbe. Dopo decenni di ricerche ed osservazione della natura, ho acquisito la mia conoscenza del suo potere curativo.<\/p>\n<\/div><\/section>\n\n<article class=\"iconbox iconbox_top main_color     \"  itemscope=\"itemscope\" itemtype=\"https:\/\/schema.org\/CreativeWork\" ><div class=\"iconbox_content\"><header class=\"entry-content-header\"><div class=\"iconbox_icon heading-color \" aria-hidden='true' data-av_icon='\ue837' data-av_iconfont='entypo-fontello'  ><\/div><h3 class='iconbox_content_title '  itemprop=\"headline\"  >Mettere a disposizione delle persone questa conoscenza \u00e8 la mia missione<\/h3><\/header><div class='iconbox_content_container  '  itemprop=\"text\"  ><p style=\"text-align: left;\">Vorrei risvegliare in ognuno questo amore, perch\u00e9 in ognuno di noi esiste l\u2019originario e naturale ciclo vitale che aspetta soltanto di essere attivato.<\/p>\n<blockquote>\n<p style=\"text-align: left;\">Questo obiettivo pu\u00f2 essere raggiunto con le otto pietre miliari della salute:<br \/>\n<a href=\"http:\/\/www.therapie-bz.com\/it\/terapia-alto-adige\/corso-di-formazione-innerfitness\/\">RESPIRO<\/a> consapevole, PENSIERI positivi, MOVIMENTO mirato, ALIMENTAZIONE sana, PREGHIERA consapevole, sufficiente SILENZIO, sentito RINGRAZIARE e ritorno alla NATURA.<\/p>\n<\/blockquote>\n<p style=\"text-align: left;\">Ritroveremo insieme la nostra pace interiore e la nostra forza vitale utilizzando diverse tecniche professionali, esercizi e riti che ci porteranno a queste otto pietre miliari. Ti aiuter\u00f2 anche con trattamenti curativi, accompagnandoti nel tuo percorso verso il raggiungimento di un potenziale fisico, psichico e spirituale pi\u00f9 elevato.<\/p>\n<p class=\"p1\" style=\"text-align: center;\">Sar\u00f2 lieta di stare al tuo fianco in questo percorso!<br \/>\nBernadette Schwienbacher<\/p>\n<\/div><\/div><footer class=\"entry-footer\"><\/footer><\/article>\n<div style='height:60px' class='hr hr-invisible   '><span class='hr-inner ' ><span class='hr-inner-style'><\/span><\/span><\/div>\n<\/div><\/div><\/div><!-- close content main div --><\/div><\/div><div id='full_slider_1' class='avia-fullwidth-slider main_color avia-shadow  av-desktop-hide av-medium-hide av-small-hide av-mini-hide   container_wrap fullsize'   ><div  data-size='featured'  data-lightbox_size='large'  data-animation='slide'  data-ids='412'  data-video_counter='0'  data-autoplay='false'  data-bg_slider='false'  data-slide_height=''  data-handle='av_slideshow_full'  data-interval='5'  data-class=' '  data-css_id=''  data-scroll_down=''  data-control_layout='av-control-default'  data-custom_markup=''  data-perma_caption=''  data-autoplay_stopper=''  data-image_attachment=''  data-min_height='300px'  data-src=''  data-position='top left'  data-repeat='no-repeat'  data-attach='scroll'  data-stretch=''  data-default-height='28.6666666667'  class='avia-slideshow avia-slideshow-1  av-control-default av-default-height-applied avia-slideshow-featured av_slideshow_full   avia-slide-slider '  itemprop=\"ImageObject\" itemscope=\"itemscope\" itemtype=\"https:\/\/schema.org\/ImageObject\" ><ul class='avia-slideshow-inner' style='padding-bottom: 28.6666666667%;'><li  class=' av-single-slide slide-1 ' ><a href='https:\/\/www.therapie-bz.com\/it\/villa-hartungen-san-nicolo-ultimo\/' data-rel='slideshow-1' class='avia-slide-wrap'  ><div class = \"caption_fullwidth av-slideshow-caption caption_left\"><div class = \"container caption_container\"><div class = \"slideshow_caption\"><div class = \"slideshow_inner_caption\"><div class = \"slideshow_align_caption\"><h2  style='font-size:60px; ' class='avia-caption-title  av-mini-font-size-overwrite av-mini-font-size-36'  itemprop=\"name\" >Villa Hartungen<\/h2><div class='avia-caption-content  av-mini-font-size-overwrite av-mini-font-size-24 av_inherit_color'  itemprop=\"description\"   style='font-size:28px; '><p>Casa della salute naturale<\/p>\n<\/div><\/div><\/div><\/div><\/div><\/div><img src='https:\/\/www.therapie-bz.com\/wp-content\/uploads\/2017\/08\/bernadette-schwienbacher_villa-hartungen-home.jpg' width='1500' height='430' title='bernadette-schwienbacher_villa-hartungen-home' alt=''  itemprop=\"thumbnailUrl\"  style='min-height:300px; min-width:1047px; ' \/><\/a><\/li><\/ul><\/div><\/div>\n","protected":false},"excerpt":{"rendered":"","protected":false},"author":5018,"featured_media":0,"parent":0,"menu_order":0,"comment_status":"closed","ping_status":"closed","template":"","meta":{"footnotes":""},"class_list":["post-992","page","type-page","status-publish","hentry"],"_links":{"self":[{"href":"https:\/\/www.therapie-bz.com\/it\/wp-json\/wp\/v2\/pages\/992\/"}],"collection":[{"href":"https:\/\/www.therapie-bz.com\/it\/wp-json\/wp\/v2\/pages\/"}],"about":[{"href":"https:\/\/www.therapie-bz.com\/it\/wp-json\/wp\/v2\/types\/page\/"}],"author":[{"embeddable":true,"href":"https:\/\/www.therapie-bz.com\/it\/wp-json\/wp\/v2\/users\/5018\/"}],"replies":[{"embeddable":true,"href":"https:\/\/www.therapie-bz.com\/it\/wp-json\/wp\/v2\/comments\/?post=992"}],"version-history":[{"count":58,"href":"https:\/\/www.therapie-bz.com\/it\/wp-json\/wp\/v2\/pages\/992\/revisions\/"}],"predecessor-version":[{"id":12145,"href":"https:\/\/www.therapie-bz.com\/it\/wp-json\/wp\/v2\/pages\/992\/revisions\/12145\/"}],"wp:attachment":[{"href":"https:\/\/www.therapie-bz.com\/it\/wp-json\/wp\/v2\/media\/?parent=992"}],"curies":[{"name":"wp","href":"https:\/\/api.w.org\/{rel}","templated":true}]}}